{"id":89,"date":"2023-06-23T19:53:41","date_gmt":"2023-06-23T17:53:41","guid":{"rendered":"http:\/\/wzfziju.cluster027.hosting.ovh.net\/?page_id=89"},"modified":"2024-02-29T00:14:56","modified_gmt":"2024-02-28T23:14:56","slug":"productions","status":"publish","type":"page","link":"https:\/\/kalankaproduction.com\/index.php\/productions\/","title":{"rendered":"Productions"},"content":{"rendered":"<p><img loading=\"lazy\" decoding=\"async\" class=\" wp-image-18 aligncenter\" src=\"http:\/\/wzfziju.cluster027.hosting.ovh.net\/wp-content\/uploads\/2023\/06\/Logo-KP-300x158.png\" alt=\"\" width=\"211\" height=\"111\" srcset=\"http:\/\/wzfziju.cluster027.hosting.ovh.net\/wp-content\/uploads\/2023\/06\/Logo-KP-300x158.png 300w, http:\/\/wzfziju.cluster027.hosting.ovh.net\/wp-content\/uploads\/2023\/06\/Logo-KP-421x222.png 421w, http:\/\/wzfziju.cluster027.hosting.ovh.net\/wp-content\/uploads\/2023\/06\/Logo-KP.png 604w\" sizes=\"auto, (max-width: 211px) 100vw, 211px\" \/><\/p>\n<p>&nbsp;<\/p>\n<p style=\"text-align: center;\">Nous produisons des Publicit\u00e9s, Films Institutionnels,<\/p>\n<p class=\"has-text-align-left\" style=\"text-align: center;\">Clips Vid\u00e9os, Programmes pour la t\u00e9l\u00e9vision et de Courts M\u00e9trages.<\/p>\n","protected":false},"excerpt":{"rendered":"<p>&nbsp; Nous produisons des Publicit\u00e9s, Films Institutionnels, Clips Vid\u00e9os, Programmes pour la t\u00e9l\u00e9vision et de Courts M\u00e9trages.<\/p>\n","protected":false},"author":1,"featured_media":0,"parent":0,"menu_order":0,"comment_status":"closed","ping_status":"closed","template":"","meta":{"footnotes":""},"class_list":["post-89","page","type-page","status-publish","hentry"],"_links":{"self":[{"href":"https:\/\/kalankaproduction.com\/index.php\/wp-json\/wp\/v2\/pages\/89","targetHints":{"allow":["GET"]}}],"collection":[{"href":"https:\/\/kalankaproduction.com\/index.php\/wp-json\/wp\/v2\/pages"}],"about":[{"href":"https:\/\/kalankaproduction.com\/index.php\/wp-json\/wp\/v2\/types\/page"}],"author":[{"embeddable":true,"href":"https:\/\/kalankaproduction.com\/index.php\/wp-json\/wp\/v2\/users\/1"}],"replies":[{"embeddable":true,"href":"https:\/\/kalankaproduction.com\/index.php\/wp-json\/wp\/v2\/comments?post=89"}],"version-history":[{"count":11,"href":"https:\/\/kalankaproduction.com\/index.php\/wp-json\/wp\/v2\/pages\/89\/revisions"}],"predecessor-version":[{"id":322,"href":"https:\/\/kalankaproduction.com\/index.php\/wp-json\/wp\/v2\/pages\/89\/revisions\/322"}],"wp:attachment":[{"href":"https:\/\/kalankaproduction.com\/index.php\/wp-json\/wp\/v2\/media?parent=89"}],"curies":[{"name":"wp","href":"https:\/\/api.w.org\/{rel}","templated":true}]}}